{"id":10,"date":"2024-03-15T08:55:18","date_gmt":"2024-03-15T08:55:18","guid":{"rendered":"https:\/\/darjamalkova23.thkit.ee\/wpp\/?page_id=10"},"modified":"2024-03-15T08:55:18","modified_gmt":"2024-03-15T08:55:18","slug":"info-minust","status":"publish","type":"page","link":"https:\/\/darjamalkova23.thkit.ee\/wpp\/info-minust\/","title":{"rendered":"Info minust"},"content":{"rendered":"\n<p>Siia tuleb info minust!<\/p>\n\n\n\n<p>Minu nimi on <strong>Darja Malkova<\/strong>,ma l\u00f5petasin <strong>Tallinna 53.keskkool<\/strong> 2023.aastal. Praegu ma \u00f5pin <a href=\"https:\/\/www.tthk.ee\/\" data-type=\"link\" data-id=\"https:\/\/www.tthk.ee\/\">Tallinna T\u00f6\u00f6stushariduskeskus<\/a> T\u00f6\u00f6stusinformaatika erialal. \u00d5ppimist ootan palju praktikat.<\/p>\n\n\n\n<p>Minu hoobid &#8211; muusika,kirjutamine,joonistamine ja jalutamine<\/p>\n\n\n\n<figure class=\"wp-block-image size-large is-resized\"><img loading=\"lazy\" decoding=\"async\" width=\"819\" height=\"1024\" src=\"https:\/\/darjamalkova23.thkit.ee\/wpp\/wp-content\/uploads\/2024\/03\/seungmin-819x1024.jpg\" alt=\"\" class=\"wp-image-11\" style=\"width:191px;height:auto\" srcset=\"https:\/\/darjamalkova23.thkit.ee\/wpp\/wp-content\/uploads\/2024\/03\/seungmin-819x1024.jpg 819w, https:\/\/darjamalkova23.thkit.ee\/wpp\/wp-content\/uploads\/2024\/03\/seungmin-240x300.jpg 240w, https:\/\/darjamalkova23.thkit.ee\/wpp\/wp-content\/uploads\/2024\/03\/seungmin-768x960.jpg 768w, https:\/\/darjamalkova23.thkit.ee\/wpp\/wp-content\/uploads\/2024\/03\/seungmin.jpg 1080w\" sizes=\"auto, (max-width: 819px) 100vw, 819px\" \/><\/figure>\n","protected":false},"excerpt":{"rendered":"<p>Siia tuleb info minust! Minu nimi on Darja Malkova,ma l\u00f5petasin Tallinna 53.keskkool 2023.aastal. Praegu ma \u00f5pin Tallinna T\u00f6\u00f6stushariduskeskus T\u00f6\u00f6stusinformaatika erialal. \u00d5ppimist ootan palju praktikat. Minu hoobid &#8211; muusika,kirjutamine,joonistamine ja jalutamine<\/p>\n","protected":false},"author":1,"featured_media":0,"parent":0,"menu_order":0,"comment_status":"closed","ping_status":"closed","template":"","meta":{"footnotes":""},"class_list":["post-10","page","type-page","status-publish","hentry"],"_links":{"self":[{"href":"https:\/\/darjamalkova23.thkit.ee\/wpp\/wp-json\/wp\/v2\/pages\/10","targetHints":{"allow":["GET"]}}],"collection":[{"href":"https:\/\/darjamalkova23.thkit.ee\/wpp\/wp-json\/wp\/v2\/pages"}],"about":[{"href":"https:\/\/darjamalkova23.thkit.ee\/wpp\/wp-json\/wp\/v2\/types\/page"}],"author":[{"embeddable":true,"href":"https:\/\/darjamalkova23.thkit.ee\/wpp\/wp-json\/wp\/v2\/users\/1"}],"replies":[{"embeddable":true,"href":"https:\/\/darjamalkova23.thkit.ee\/wpp\/wp-json\/wp\/v2\/comments?post=10"}],"version-history":[{"count":1,"href":"https:\/\/darjamalkova23.thkit.ee\/wpp\/wp-json\/wp\/v2\/pages\/10\/revisions"}],"predecessor-version":[{"id":12,"href":"https:\/\/darjamalkova23.thkit.ee\/wpp\/wp-json\/wp\/v2\/pages\/10\/revisions\/12"}],"wp:attachment":[{"href":"https:\/\/darjamalkova23.thkit.ee\/wpp\/wp-json\/wp\/v2\/media?parent=10"}],"curies":[{"name":"wp","href":"https:\/\/api.w.org\/{rel}","templated":true}]}}